{"id":697,"date":"2025-01-01T18:32:03","date_gmt":"2025-01-01T17:32:03","guid":{"rendered":"https:\/\/echild.online\/?page_id=697"},"modified":"2025-01-02T12:50:45","modified_gmt":"2025-01-02T11:50:45","slug":"cookie-richtlinie","status":"publish","type":"page","link":"https:\/\/echild.online\/index.php\/cookie-richtlinie\/","title":{"rendered":"Cookie-Richtlinie"},"content":{"rendered":"\n<p>Diese Cookie-Richtlinie (\u201eRichtlinie\u201c) beschreibt, was Cookies sind und wie sie von der Website <a href=\"https:\/\/echild.online\/\">echild.online<\/a> (\u201eWebsite\u201c oder \u201eDienst\u201c) und allen damit verbundenen Produkten und Dienstleistungen (zusammenfassend als \u201eDienste\u201c bezeichnet) verwendet werden. Diese Richtlinie ist eine rechtlich bindende Vereinbarung zwischen dir (\u201eBenutzer\u201c, \u201edu\u201c oder \u201edein\u201c) und Camphausen IT Consulting (\u201ewir\u201c, \u201euns\u201c oder \u201eunser\u201c). Wenn du diese Richtlinie im Namen eines Unternehmens oder einer anderen juristischen Person abschlie\u00dft, erkl\u00e4rst du, dass du befugt bist, diese juristische Person an diese Richtlinie zu binden. In diesem Fall beziehen sich die Begriffe \u201eBenutzer\u201c, \u201edu\u201c oder \u201edein\u201c auf diese juristische Person. Wenn du nicht \u00fcber diese Befugnis verf\u00fcgst oder mit den Bedingungen dieser Richtlinie nicht einverstanden bist, darfst du diese Richtlinie nicht akzeptieren und darfst nicht auf die Website und die Dienste zugreifen und diese nutzen. Du solltest diese Richtlinie lesen, damit du verstehst, welche Arten von Cookies wir verwenden, welche Informationen wir mithilfe von Cookies sammeln und wie diese Informationen verwendet werden. Au\u00dferdem werden die M\u00f6glichkeiten beschrieben, die dir zur Verf\u00fcgung stehen, um die Verwendung von Cookies zu akzeptieren oder abzulehnen. Weitere Informationen dar\u00fcber, wie wir deine personenbezogenen Daten verwenden, speichern und sch\u00fctzen, findest du in unserer <a href=\"https:\/\/echild.online\/index.php\/datenschutzerklaerung\/\">Datenschutzrichtlinie<\/a>.<\/p>\n\n\n\n<p><strong>Was sind Cookies?<\/strong><\/p>\n\n\n\n<p>Cookies sind kleine Datenmengen, die in Textdateien gespeichert werden, die auf deinem Computer oder anderen Ger\u00e4ten gespeichert werden, wenn Websites in einem Browser geladen werden. Sie werden h\u00e4ufig verwendet, um dich und deine Pr\u00e4ferenzen zu speichern, entweder f\u00fcr einen einzelnen Besuch (durch ein \u201eSitzungscookie\u201c) oder f\u00fcr mehrere wiederholte Besuche (durch ein \u201epermanentes Cookie\u201c).<\/p>\n\n\n\n<p>Sitzungscookies sind tempor\u00e4re Cookies, die w\u00e4hrend deines Besuchs auf der Website verwendet werden und verfallen, wenn du den Webbrowser schlie\u00dft.<\/p>\n\n\n\n<p>Permanente Cookies werden verwendet, um Ihre Einstellungen auf unserer Website zu speichern, und verbleiben auch nach dem Schlie\u00dfen des Browsers oder dem Neustart des Computers auf Ihrem Desktop oder Mobilger\u00e4t. Sie gew\u00e4hrleisten eine konsistente und effiziente Erfahrung beim Besuch der Website und der Nutzung der Dienste.<\/p>\n\n\n\n<p>Cookies k\u00f6nnen von der Website (\u201eErstanbieter-Cookies\u201c) oder von Dritten gesetzt werden, z. B. von Anbietern von Inhalten, Werbung oder Analysediensten auf der Website (\u201eDrittanbieter-Cookies\u201c). Diese Drittanbieter k\u00f6nnen dich erkennen, wenn du unsere Website besuchst, und auch, wenn du bestimmte andere Websites besuchst.<\/p>\n\n\n\n<p><strong>Welche Arten von Cookies verwenden wir?<\/strong><\/p>\n\n\n\n<p><strong>Notwendige Cookies<\/strong><\/p>\n\n\n\n<p>Notwendige Cookies erm\u00f6glichen es uns, dir die bestm\u00f6gliche Erfahrung beim Zugriff auf unsere Website, beim Navigieren auf der Website und bei der Nutzung ihrer Funktionen zu bieten. Diese Cookies erm\u00f6glichen es uns beispielsweise zu erkennen, dass du ein Konto erstellt und dich bei diesem Konto angemeldet hast, um auf die Inhalte zuzugreifen.<\/p>\n\n\n\n<p><strong>Funktionalit\u00e4ts-Cookies<\/strong><\/p>\n\n\n\n<p>Funktionalit\u00e4ts-Cookies erm\u00f6glichen es uns, die Website und die Dienste gem\u00e4\u00df deinen Auswahlm\u00f6glichkeiten zu betreiben. Beispielsweise erkennen wir deinen Benutzernamen und merken uns, wie du die Website und die Dienste bei zuk\u00fcnftigen Besuchen angepasst hast.<\/p>\n\n\n\n<p><strong>Analytische Cookies<\/strong><\/p>\n\n\n\n<p>Diese Cookies erm\u00f6glichen es uns und Drittanbietern, aggregierte Daten f\u00fcr statistische Zwecke dar\u00fcber zu sammeln, wie unsere Besucher die Website nutzen. Diese Cookies enthalten keine personenbezogenen Daten wie Namen und E-Mail-Adressen und werden verwendet, um die Benutzerfreundlichkeit der Website zu verbessern.<\/p>\n\n\n\n<p><strong>Werbe-Cookies<\/strong><\/p>\n\n\n\n<p>Werbe-Cookies erm\u00f6glichen es uns und Dritten, relevante Anzeigen effektiver f\u00fcr Sie zu schalten und helfen uns, aggregierte Pr\u00fcfdaten, Forschungsergebnisse und Leistungsberichte f\u00fcr Werbetreibende zu sammeln. Sie erm\u00f6glichen es uns auch, die Schaltung von Anzeigen f\u00fcr Sie zu verstehen und zu verbessern und zu erfahren, wann Ihnen bestimmte Anzeigen gezeigt wurden.<\/p>\n\n\n\n<p>Ihr Webbrowser kann Werbung direkt von den Servern des Werbenetzwerks anfordern. Diese Netzwerke k\u00f6nnen ihre eigenen Cookies anzeigen, bearbeiten oder setzen, so als h\u00e4tten Sie eine Webseite von ihrer Website angefordert.<\/p>\n\n\n\n<p>Obwohl wir keine Cookies verwenden, um ein Profil deines Surfverhaltens auf Websites Dritter zu erstellen, verwenden wir aggregierte Daten von Dritten, um dir relevante, interessenbasierte Werbung zu zeigen. Wir geben keine von uns gesammelten personenbezogenen Daten an Werbetreibende weiter.<\/p>\n\n\n\n<p><strong>Welche Cookie-Optionen gibt es?<\/strong><\/p>\n\n\n\n<p>Wenn du mit der Idee von Cookies oder bestimmten Arten von Cookies nicht einverstanden bist, kannst du die Einstellungen deines Browsers \u00e4ndern, um bereits gesetzte Cookies zu l\u00f6schen und keine neuen Cookies zu akzeptieren. Besuche <a href=\"https:\/\/www.internetcookies.com\/\">internetcookies.com<\/a>, um mehr dar\u00fcber zu erfahren, wie du dies tun kannst.<\/p>\n\n\n\n<p>Bitte beachte jedoch, dass du m\u00f6glicherweise nicht alle Funktionen der Website und der Dienste nutzen kannst, wenn du Cookies l\u00f6schst oder sie nicht akzeptierst.<\/p>\n\n\n\n<p><strong>\u00c4nderungen und Erg\u00e4nzungen<\/strong><\/p>\n\n\n\n<p>Wir behalten uns das Recht vor, diese Richtlinie oder ihre Bedingungen in Bezug auf die Website und die Dienste jederzeit nach eigenem Ermessen zu \u00e4ndern. Wenn wir dies tun, werden wir das Aktualisierungsdatum am Ende dieser Seite \u00e4ndern und eine Benachrichtigung auf der Hauptseite der Website ver\u00f6ffentlichen. Wir k\u00f6nnen dich auch auf andere Weise benachrichtigen, z. B. \u00fcber die von dir angegebenen Kontaktinformationen.<\/p>\n\n\n\n<p>Sofern nicht anders angegeben, tritt eine aktualisierte Version dieser Richtlinie unmittelbar nach der Ver\u00f6ffentlichung der \u00fcberarbeiteten Richtlinie in Kraft. Durch deine fortgesetzte Nutzung der Website und der Dienste nach dem Inkrafttreten der \u00fcberarbeiteten Richtlinie (oder einer anderen zu diesem Zeitpunkt festgelegten Handlung) erkl\u00e4rst du dich mit diesen \u00c4nderungen einverstanden.<\/p>\n\n\n\n<p><strong>Annahme dieser Richtlinie<\/strong><\/p>\n\n\n\n<p>Du best\u00e4tigst, dass du diese Richtlinie gelesen hast und allen darin enthaltenen Bedingungen zustimmst. Durch den Zugriff auf die Website und die Nutzung der Dienste erkl\u00e4rst du dich mit dieser Richtlinie einverstanden. Wenn du den Bedingungen dieser Richtlinie nicht zustimmst, bist du nicht berechtigt, auf die Website und die Dienste zuzugreifen oder diese zu nutzen.<\/p>\n\n\n\n<p><strong>Kontakt<\/strong><\/p>\n\n\n\n<p>Bei Fragen, Bedenken oder Beschwerden zu dieser Richtlinie oder der Verwendung von Cookies bitten wir dich, uns \u00fcber die folgenden Kontaktdaten zu kontaktieren: <a href=\"mailto:info@echild.online\">info@echild.online<\/a><\/p>\n\n\n\n<p>Dieses Dokument wurde zuletzt am 10. Dezember 2024 aktualisiert<\/p>\n\n\n\n<p>Copyright 2024-2025 \u2022 eChild.online<\/p>\n","protected":false},"excerpt":{"rendered":"<p>Diese Cookie-Richtlinie (\u201eRichtlinie\u201c) beschreibt, was Cookies sind und wie sie von der Website echild.online (\u201eWebsite\u201c oder \u201eDienst\u201c) und allen damit verbundenen Produkten und Dienstleistungen (zusammenfassend als \u201eDienste\u201c bezeichnet) verwendet werden. Diese Richtlinie ist eine rechtlich bindende Vereinbarung zwischen dir (\u201eBenutzer\u201c, \u201edu\u201c oder \u201edein\u201c) und Camphausen IT Consulting (\u201ewir\u201c, \u201euns\u201c oder \u201eunser\u201c). Wenn du diese Richtlinie&hellip;&nbsp;<a href=\"https:\/\/echild.online\/index.php\/cookie-richtlinie\/\" rel=\"bookmark\">Read More &raquo;<span class=\"screen-reader-text\">Cookie-Richtlinie<\/span><\/a><\/p>\n","protected":false},"author":1,"featured_media":0,"parent":0,"menu_order":0,"comment_status":"closed","ping_status":"closed","template":"","meta":{"neve_meta_sidebar":"","neve_meta_container":"","neve_meta_enable_content_width":"","neve_meta_content_width":0,"neve_meta_title_alignment":"","neve_meta_author_avatar":"","neve_post_elements_order":"","neve_meta_disable_header":"","neve_meta_disable_footer":"","neve_meta_disable_title":"","neve_meta_reading_time":"","footnotes":""},"class_list":["post-697","page","type-page","status-publish","hentry"],"_links":{"self":[{"href":"https:\/\/echild.online\/index.php\/wp-json\/wp\/v2\/pages\/697","targetHints":{"allow":["GET"]}}],"collection":[{"href":"https:\/\/echild.online\/index.php\/wp-json\/wp\/v2\/pages"}],"about":[{"href":"https:\/\/echild.online\/index.php\/wp-json\/wp\/v2\/types\/page"}],"author":[{"embeddable":true,"href":"https:\/\/echild.online\/index.php\/wp-json\/wp\/v2\/users\/1"}],"replies":[{"embeddable":true,"href":"https:\/\/echild.online\/index.php\/wp-json\/wp\/v2\/comments?post=697"}],"version-history":[{"count":2,"href":"https:\/\/echild.online\/index.php\/wp-json\/wp\/v2\/pages\/697\/revisions"}],"predecessor-version":[{"id":713,"href":"https:\/\/echild.online\/index.php\/wp-json\/wp\/v2\/pages\/697\/revisions\/713"}],"wp:attachment":[{"href":"https:\/\/echild.online\/index.php\/wp-json\/wp\/v2\/media?parent=697"}],"curies":[{"name":"wp","href":"https:\/\/api.w.org\/{rel}","templated":true}]}}